{"id":15,"date":"2021-02-12T22:42:27","date_gmt":"2021-02-12T22:42:27","guid":{"rendered":"https:\/\/hacerarbolgenealogico.com\/?page_id=15"},"modified":"2023-10-02T18:05:48","modified_gmt":"2023-10-02T18:05:48","slug":"inicio","status":"publish","type":"page","link":"https:\/\/hacerarbolgenealogico.com\/","title":{"rendered":"\u00c1rbol Geneal\u00f3gico"},"content":{"rendered":"<div class=\"gb-container gb-container-9c0ade81 fondo-home alignfull\"><div class=\"gb-inside-container\">\n<div class=\"gb-grid-wrapper gb-grid-wrapper-33864732\">\n<div class=\"gb-grid-column gb-grid-column-1b10f890\"><div class=\"gb-container gb-container-1b10f890\"><div class=\"gb-inside-container\">\n\n<h1 class=\"gb-headline gb-headline-0f56f5da gb-headline-text\">\u00c1rbol Geneal\u00f3gico<\/h1>\n\n\n\n<p class=\"gb-headline gb-headline-8bb5cbef gb-headline-text\">Bienvenido al sitio web especializado en \u00e1rboles geneal\u00f3gicos. <strong>Aqu\u00ed te ofrecemos la posibilidad de poder crear, preparar, generar y editar una linda y amena hoja geneal\u00f3gica<\/strong> que sorprender\u00e1 a todos tus familiares y allegados.<\/p>\n\n\n<div class=\"gb-button-wrapper gb-button-wrapper-03241827\">\n\n<a class=\"gb-button gb-button-488a0bff\" href=\"https:\/\/hacerarbolgenealogico.com\/que-es\/\"><span class=\"gb-button-text\">\u00bfQu\u00e9 es?<\/span><span class=\"gb-icon\"><svg aria-hidden=\"true\" role=\"img\" height=\"1em\" width=\"1em\" viewBox=\"0 0 256 512\" xmlns=\"http:\/\/www.w3.org\/2000\/svg\"><path fill=\"currentColor\" d=\"M224.3 273l-136 136c-9.4 9.4-24.6 9.4-33.9 0l-22.6-22.6c-9.4-9.4-9.4-24.6 0-33.9l96.4-96.4-96.4-96.4c-9.4-9.4-9.4-24.6 0-33.9L54.3 103c9.4-9.4 24.6-9.4 33.9 0l136 136c9.5 9.4 9.5 24.6.1 34z\"><\/path><\/svg><\/span><\/a>\n\n\n\n<a class=\"gb-button gb-button-1844c4fb\" href=\"https:\/\/hacerarbolgenealogico.com\/como-crear\/\"><span class=\"gb-button-text\">C\u00f3mo se hace<\/span><span class=\"gb-icon\"><svg aria-hidden=\"true\" role=\"img\" height=\"1em\" width=\"1em\" viewBox=\"0 0 256 512\" xmlns=\"http:\/\/www.w3.org\/2000\/svg\"><path fill=\"currentColor\" d=\"M224.3 273l-136 136c-9.4 9.4-24.6 9.4-33.9 0l-22.6-22.6c-9.4-9.4-9.4-24.6 0-33.9l96.4-96.4-96.4-96.4c-9.4-9.4-9.4-24.6 0-33.9L54.3 103c9.4-9.4 24.6-9.4 33.9 0l136 136c9.5 9.4 9.5 24.6.1 34z\"><\/path><\/svg><\/span><\/a>\n\n<\/div>\n\n<div class=\"gb-button-wrapper gb-button-wrapper-57e3a9e8\">\n\n<a class=\"gb-button gb-button-287cdeb3\" href=\"#plantillas-gratis\"><span class=\"gb-button-text\">Art\u00edculos Interesantes<\/span><span class=\"gb-icon\"><svg aria-hidden=\"true\" role=\"img\" height=\"1em\" width=\"1em\" viewBox=\"0 0 256 512\" xmlns=\"http:\/\/www.w3.org\/2000\/svg\"><path fill=\"currentColor\" d=\"M224.3 273l-136 136c-9.4 9.4-24.6 9.4-33.9 0l-22.6-22.6c-9.4-9.4-9.4-24.6 0-33.9l96.4-96.4-96.4-96.4c-9.4-9.4-9.4-24.6 0-33.9L54.3 103c9.4-9.4 24.6-9.4 33.9 0l136 136c9.5 9.4 9.5 24.6.1 34z\"><\/path><\/svg><\/span><\/a>\n\n<\/div>\n<\/div><\/div><\/div>\n\n<div class=\"gb-grid-column gb-grid-column-bd226bff\"><div class=\"gb-container gb-container-bd226bff\"><div class=\"gb-inside-container\">\n<div class=\"wp-block-image\">\n<figure class=\"aligncenter size-full\"><img loading=\"lazy\" decoding=\"async\" width=\"402\" height=\"397\" src=\"http:\/\/hacerarbolgenealogico.com\/wp-content\/uploads\/arbol-familiar.png\" alt=\"\" class=\"wp-image-2231\" srcset=\"https:\/\/hacerarbolgenealogico.com\/wp-content\/uploads\/arbol-familiar.png 402w, https:\/\/hacerarbolgenealogico.com\/wp-content\/uploads\/arbol-familiar-300x296.png 300w\" sizes=\"auto, (max-width: 402px) 100vw, 402px\" \/><\/figure><\/div>\n<\/div><\/div><\/div>\n<\/div>\n\n\n<\/div><\/div>\n\n\n<div style=\"height:40px\" aria-hidden=\"true\" class=\"wp-block-spacer\"><\/div>\n\n\n\n<p>Mucha gente cree que hacer un \u00e1rbol geneal\u00f3gico es una perdida de tiempo o una bober\u00eda, nada m\u00e1s alejado de la realidad. <strong>Realizar un \u00e1rbol familiar, te ayuda a conocer m\u00e1s sobre ti<\/strong>, y sobre tu familia, descubriendo curiosidades que, de otra forma, nunca sabr\u00edas.<\/p>\n\n\n\n<h2 class=\"wp-block-heading has-text-align-center has-text-color\" id=\"plantillas-gratis\" style=\"color:#15961e;font-size:33px\">\ud83c\udf33 <strong>Nuestras Plantillas <strong>\u00c1rbol Geneal\u00f3gico<\/strong> Gratis<\/strong> \ud83e\udd17<\/h2>\n\n\n\n<p>Aqu\u00ed podr\u00e1s <strong>descargar e imprimir las mejores plantillas en JPG, Word, Excel y PDF<\/strong>, adem\u00e1s te dejamos una gu\u00eda de como rellenarlas f\u00e1cilmente.<\/p>\n\n\n\n<div style=\"height:20px\" aria-hidden=\"true\" class=\"wp-block-spacer\"><\/div>\n\n\n<div class=\"gb-grid-wrapper gb-grid-wrapper-5411f7d8\">\n<div class=\"gb-grid-column gb-grid-column-623389a4\"><div class=\"gb-container gb-container-623389a4\"><div class=\"gb-inside-container\">\n<div class=\"wp-block-image\">\n<figure class=\"aligncenter size-full is-resized\"><a href=\"https:\/\/hacerarbolgenealogico.com\/plantillas-jpg\/\"><img loading=\"lazy\" decoding=\"async\" src=\"http:\/\/hacerarbolgenealogico.com\/wp-content\/uploads\/plantilla-arbol-genealogico-word-jpg.png\" alt=\"Plantillas gratis par JPG\" class=\"wp-image-77\" style=\"width:128px;height:128px\" width=\"128\" height=\"128\"\/><\/a><figcaption class=\"wp-element-caption\"><strong>Plantillas JPG<\/strong><\/figcaption><\/figure><\/div>\n<\/div><\/div><\/div>\n\n<div class=\"gb-grid-column gb-grid-column-e7f4d8b7\"><div class=\"gb-container gb-container-e7f4d8b7\"><div class=\"gb-inside-container\">\n<div class=\"wp-block-image\">\n<figure class=\"aligncenter size-full\"><a href=\"https:\/\/hacerarbolgenealogico.com\/en-word\/\"><img loading=\"lazy\" decoding=\"async\" width=\"128\" height=\"128\" src=\"http:\/\/hacerarbolgenealogico.com\/wp-content\/uploads\/plantilla-arbol-genealogico-word.png\" alt=\"Plantilla gratis Word\" class=\"wp-image-76\"\/><\/a><figcaption class=\"wp-element-caption\"><strong>Plantillas Word<\/strong><\/figcaption><\/figure><\/div>\n<\/div><\/div><\/div>\n\n<div class=\"gb-grid-column gb-grid-column-41a26a16\"><div class=\"gb-container gb-container-41a26a16\"><div class=\"gb-inside-container\">\n<div class=\"wp-block-image\">\n<figure class=\"aligncenter size-full\"><a href=\"https:\/\/hacerarbolgenealogico.com\/plantillas-excel\/\"><img loading=\"lazy\" decoding=\"async\" width=\"128\" height=\"128\" src=\"http:\/\/hacerarbolgenealogico.com\/wp-content\/uploads\/plantilla-arbol-genealogico-excel.png\" alt=\"Plantillas gratis para excel\" class=\"wp-image-74\"\/><\/a><figcaption class=\"wp-element-caption\"><strong>Plantillas Excel<\/strong><\/figcaption><\/figure><\/div>\n<\/div><\/div><\/div>\n\n<div class=\"gb-grid-column gb-grid-column-a25e50f3\"><div class=\"gb-container gb-container-a25e50f3\"><div class=\"gb-inside-container\">\n<div class=\"wp-block-image\">\n<figure class=\"aligncenter size-full\"><a href=\"https:\/\/hacerarbolgenealogico.com\/plantillas-pdf\/\"><img loading=\"lazy\" decoding=\"async\" width=\"128\" height=\"128\" src=\"http:\/\/hacerarbolgenealogico.com\/wp-content\/uploads\/plantilla-arbol-genealogico-pdf.png\" alt=\"Plantillas gratis para pdf\" class=\"wp-image-75\"\/><\/a><figcaption class=\"wp-element-caption\"><strong>Plantillas PDF<\/strong><\/figcaption><\/figure><\/div>\n<\/div><\/div><\/div>\n<\/div>\n\n\n<div style=\"height:20px\" aria-hidden=\"true\" class=\"wp-block-spacer\"><\/div>\n\n\n\n<p class=\"has-text-align-center redescubriendo-la-familia\" style=\"font-size:25px\"><strong>Redescubriendo la familia<\/strong><\/p>\n\n\n\n<p><strong>La historia familiar nos permite saber qui\u00e9n somos y de donde venimos<\/strong>, adem\u00e1s de hacernos descubrir y redescubrir a nuestros familiares.<\/p>\n\n\n\n<p>Ya llegaremos a los detalles sobre los \u00e1rboles geneal\u00f3gicos, te mostramos a continuaci\u00f3n los mejores art\u00edculos sobre ellos.<\/p>\n\n\n<div class=\"pt-cv-wrapper\"><div class=\"pt-cv-view pt-cv-grid pt-cv-colsys\" id=\"pt-cv-view-186f11aw84\"><div data-id=\"pt-cv-page-1\" class=\"pt-cv-page\" data-cvc=\"3\"><div class=\"col-md-4 col-sm-6 col-xs-12 pt-cv-content-item pt-cv-1-col\"  data-pid=\"2875\"><div class='pt-cv-ifield'><a href=\"https:\/\/hacerarbolgenealogico.com\/del-rey-leon-2\/\" class=\"_self pt-cv-href-thumbnail pt-cv-thumb-default cvplbd\" target=\"_self\" ><img loading=\"lazy\" decoding=\"async\" width=\"300\" height=\"168\" src=\"https:\/\/hacerarbolgenealogico.com\/wp-content\/uploads\/rey-leon-arbol-genealogico.jpg\" class=\"pt-cv-thumbnail img-thumbnail\" alt=\"\u00c1rbol Geneal\u00f3gico del Rey Le\u00f3n\" srcset=\"https:\/\/hacerarbolgenealogico.com\/wp-content\/uploads\/rey-leon-arbol-genealogico.jpg 750w, https:\/\/hacerarbolgenealogico.com\/wp-content\/uploads\/rey-leon-arbol-genealogico-300x168.jpg 300w\" sizes=\"auto, (max-width: 300px) 100vw, 300px\" \/><\/a>\n<p class=\"pt-cv-title\"><a href=\"https:\/\/hacerarbolgenealogico.com\/del-rey-leon-2\/\" class=\"_self cvplbd\" target=\"_self\" >\u00c1rbol Geneal\u00f3gico del Rey Le\u00f3n<\/a><\/p>\n<div class=\"pt-cv-content\">\u00bfQui\u00e9n es el Rey Le\u00f3n? El Rey Le\u00f3n es una ...<br \/><div class=\"pt-cv-rmwrap\"><a href=\"https:\/\/hacerarbolgenealogico.com\/del-rey-leon-2\/\" class=\"_self pt-cv-readmore btn btn-success cvplbd\" target=\"_self\">Leer M\u00e1s<\/a><\/div><\/div><\/div><\/div>\n<div class=\"col-md-4 col-sm-6 col-xs-12 pt-cv-content-item pt-cv-1-col\"  data-pid=\"2855\"><div class='pt-cv-ifield'><a href=\"https:\/\/hacerarbolgenealogico.com\/de-goku\/\" class=\"_self pt-cv-href-thumbnail pt-cv-thumb-default cvplbd\" target=\"_self\" ><img loading=\"lazy\" decoding=\"async\" width=\"300\" height=\"168\" src=\"https:\/\/hacerarbolgenealogico.com\/wp-content\/uploads\/goku-familia-dragon-boll.jpg\" class=\"pt-cv-thumbnail img-thumbnail\" alt=\"\u00c1rbol Geneal\u00f3gico de Goku\" srcset=\"https:\/\/hacerarbolgenealogico.com\/wp-content\/uploads\/goku-familia-dragon-boll.jpg 750w, https:\/\/hacerarbolgenealogico.com\/wp-content\/uploads\/goku-familia-dragon-boll-300x168.jpg 300w\" sizes=\"auto, (max-width: 300px) 100vw, 300px\" \/><\/a>\n<p class=\"pt-cv-title\"><a href=\"https:\/\/hacerarbolgenealogico.com\/de-goku\/\" class=\"_self cvplbd\" target=\"_self\" >\u00c1rbol Geneal\u00f3gico de Goku<\/a><\/p>\n<div class=\"pt-cv-content\">En esta breve gu\u00eda, vamos a ense\u00f1arte para que puedas ...<br \/><div class=\"pt-cv-rmwrap\"><a href=\"https:\/\/hacerarbolgenealogico.com\/de-goku\/\" class=\"_self pt-cv-readmore btn btn-success cvplbd\" target=\"_self\">Leer M\u00e1s<\/a><\/div><\/div><\/div><\/div>\n<div class=\"col-md-4 col-sm-6 col-xs-12 pt-cv-content-item pt-cv-1-col\"  data-pid=\"2706\"><div class='pt-cv-ifield'><a href=\"https:\/\/hacerarbolgenealogico.com\/como-dibujar\/\" class=\"_self pt-cv-href-thumbnail pt-cv-thumb-default cvplbd\" target=\"_self\" ><img decoding=\"async\" width=\"300\" src=\"http:\/\/hacerarbolgenealogico.com\/wp-content\/uploads\/como-dibujar-el-arbol-genealogico-300x190.png\" class=\"pt-cv-thumbnail img-thumbnail cvp-substitute\" alt=\"\u00bfC\u00f3mo Dibujar un \u00c1rbol Geneal\u00f3gico?\" title=\"como-dibujar-el-arbol-genealogico\" \/><\/a>\n<p class=\"pt-cv-title\"><a href=\"https:\/\/hacerarbolgenealogico.com\/como-dibujar\/\" class=\"_self cvplbd\" target=\"_self\" >\u00bfC\u00f3mo Dibujar un \u00c1rbol Geneal\u00f3gico?<\/a><\/p>\n<div class=\"pt-cv-content\">Un \u00e1rbol geneal\u00f3gico es uno de los documentos m\u00e1s importantes ...<br \/><div class=\"pt-cv-rmwrap\"><a href=\"https:\/\/hacerarbolgenealogico.com\/como-dibujar\/\" class=\"_self pt-cv-readmore btn btn-success cvplbd\" target=\"_self\">Leer M\u00e1s<\/a><\/div><\/div><\/div><\/div>\n<div class=\"col-md-4 col-sm-6 col-xs-12 pt-cv-content-item pt-cv-1-col\"  data-pid=\"2542\"><div class='pt-cv-ifield'><a href=\"https:\/\/hacerarbolgenealogico.com\/plantilla-para-imprimir\/\" class=\"_self pt-cv-href-thumbnail pt-cv-thumb-default cvplbd\" target=\"_self\" ><img loading=\"lazy\" decoding=\"async\" width=\"300\" height=\"168\" src=\"https:\/\/hacerarbolgenealogico.com\/wp-content\/uploads\/arbol-para-imprimir.jpg\" class=\"pt-cv-thumbnail img-thumbnail\" alt=\"Plantilla \u00c1rbol Geneal\u00f3gico para Imprimir\" srcset=\"https:\/\/hacerarbolgenealogico.com\/wp-content\/uploads\/arbol-para-imprimir.jpg 748w, https:\/\/hacerarbolgenealogico.com\/wp-content\/uploads\/arbol-para-imprimir-300x168.jpg 300w\" sizes=\"auto, (max-width: 300px) 100vw, 300px\" \/><\/a>\n<p class=\"pt-cv-title\"><a href=\"https:\/\/hacerarbolgenealogico.com\/plantilla-para-imprimir\/\" class=\"_self cvplbd\" target=\"_self\" >Plantilla \u00c1rbol Geneal\u00f3gico para Imprimir<\/a><\/p>\n<div class=\"pt-cv-content\">Un \u00e1rbol geneal\u00f3gico es de gran ayuda para organizar a ...<br \/><div class=\"pt-cv-rmwrap\"><a href=\"https:\/\/hacerarbolgenealogico.com\/plantilla-para-imprimir\/\" class=\"_self pt-cv-readmore btn btn-success cvplbd\" target=\"_self\">Leer M\u00e1s<\/a><\/div><\/div><\/div><\/div>\n<div class=\"col-md-4 col-sm-6 col-xs-12 pt-cv-content-item pt-cv-1-col\"  data-pid=\"2170\"><div class='pt-cv-ifield'><a href=\"https:\/\/hacerarbolgenealogico.com\/que-es\/\" class=\"_self pt-cv-href-thumbnail pt-cv-thumb-default cvplbd\" target=\"_self\" ><img loading=\"lazy\" decoding=\"async\" width=\"300\" height=\"160\" src=\"https:\/\/hacerarbolgenealogico.com\/wp-content\/uploads\/diseno-arbol-geanologico.jpg\" class=\"pt-cv-thumbnail img-thumbnail\" alt=\"\u00bfQu\u00e9 es un \u00e1rbol geneal\u00f3gico?\" srcset=\"https:\/\/hacerarbolgenealogico.com\/wp-content\/uploads\/diseno-arbol-geanologico.jpg 748w, https:\/\/hacerarbolgenealogico.com\/wp-content\/uploads\/diseno-arbol-geanologico-300x160.jpg 300w\" sizes=\"auto, (max-width: 300px) 100vw, 300px\" \/><\/a>\n<p class=\"pt-cv-title\"><a href=\"https:\/\/hacerarbolgenealogico.com\/que-es\/\" class=\"_self cvplbd\" target=\"_self\" >\u00bfQu\u00e9 es un \u00e1rbol geneal\u00f3gico?<\/a><\/p>\n<div class=\"pt-cv-content\">Es una estructura gr\u00e1fica que nos permite conocer las relaciones ...<br \/><div class=\"pt-cv-rmwrap\"><a href=\"https:\/\/hacerarbolgenealogico.com\/que-es\/\" class=\"_self pt-cv-readmore btn btn-success cvplbd\" target=\"_self\">Leer M\u00e1s<\/a><\/div><\/div><\/div><\/div>\n<div class=\"col-md-4 col-sm-6 col-xs-12 pt-cv-content-item pt-cv-1-col\"  data-pid=\"1772\"><div class='pt-cv-ifield'><a href=\"https:\/\/hacerarbolgenealogico.com\/frances\/\" class=\"_self pt-cv-href-thumbnail pt-cv-thumb-default cvplbd\" target=\"_self\" ><img loading=\"lazy\" decoding=\"async\" width=\"300\" height=\"162\" src=\"https:\/\/hacerarbolgenealogico.com\/wp-content\/uploads\/arbol-genealogico-frances.jpg\" class=\"pt-cv-thumbnail img-thumbnail\" alt=\"Como hacer un \u00e1rbol geneal\u00f3gico en Frances\" srcset=\"https:\/\/hacerarbolgenealogico.com\/wp-content\/uploads\/arbol-genealogico-frances.jpg 747w, https:\/\/hacerarbolgenealogico.com\/wp-content\/uploads\/arbol-genealogico-frances-300x162.jpg 300w\" sizes=\"auto, (max-width: 300px) 100vw, 300px\" \/><\/a>\n<p class=\"pt-cv-title\"><a href=\"https:\/\/hacerarbolgenealogico.com\/frances\/\" class=\"_self cvplbd\" target=\"_self\" >\u00c1rbol Geneal\u00f3gico en Franc\u00e9s &#8211; Arbre G\u00e9n\u00e9alogique en Fran\u00e7ais<\/a><\/p>\n<div class=\"pt-cv-content\">Los \u00e1rboles geneal\u00f3gicos son conocidos y realizados en todas partes ...<br \/><div class=\"pt-cv-rmwrap\"><a href=\"https:\/\/hacerarbolgenealogico.com\/frances\/\" class=\"_self pt-cv-readmore btn btn-success cvplbd\" target=\"_self\">Leer M\u00e1s<\/a><\/div><\/div><\/div><\/div><\/div><\/div><\/div>\t\t\t<style type=\"text\/css\" id=\"pt-cv-inline-style-9ee94600x2\">#pt-cv-view-186f11aw84 .pt-cv-href-thumbnail  { margin-left: auto !important; margin-right: auto !important; display: block !important; text-align: center !important; clear: both !important; }\n#pt-cv-view-186f11aw84 .pt-cv-title a, #pt-cv-view-186f11aw84  .panel-title { font-size: 23px !important; line-height: 1.3 !important; font-weight: 600 !important; }\n@media (min-width: 768px) and (max-width: 991px) {#pt-cv-view-186f11aw84 .pt-cv-title a, #pt-cv-view-186f11aw84  .panel-title { font-size: 20px !important }}\n@media (max-width: 767px) {#pt-cv-view-186f11aw84 .pt-cv-title a, #pt-cv-view-186f11aw84  .panel-title { font-size: 16px !important }}\n#pt-cv-view-186f11aw84 .pt-cv-content , #pt-cv-view-186f11aw84  .pt-cv-content *:not(.pt-cv-readmore):not(style):not(script) { font-size: 14px !important; line-height: 1.3 !important; }\n@media (min-width: 768px) and (max-width: 991px) {#pt-cv-view-186f11aw84 .pt-cv-content , #pt-cv-view-186f11aw84  .pt-cv-content *:not(.pt-cv-readmore):not(style):not(script) { font-size: 12px !important }}\n@media (max-width: 767px) {#pt-cv-view-186f11aw84 .pt-cv-content , #pt-cv-view-186f11aw84  .pt-cv-content *:not(.pt-cv-readmore):not(style):not(script) { font-size: 10px !important }}\n#pt-cv-view-186f11aw84 .pt-cv-readmore  { color: #ffffff !important; background-color: #00870d !important; }\n#pt-cv-view-186f11aw84 .pt-cv-readmore:hover  { color: #ffffff !important; background-color: #dd9933 !important; }<\/style>\r\n\t\t\t\n\n\n<div class=\"pt-cv-wrapper\"><div class=\"pt-cv-view pt-cv-grid pt-cv-colsys\" id=\"pt-cv-view-f55eda9w3s\"><div data-id=\"pt-cv-page-1\" class=\"pt-cv-page\" data-cvc=\"3\"><div class=\"col-md-4 col-sm-6 col-xs-6 pt-cv-content-item pt-cv-1-col\"  data-pid=\"3461\"><div class='pt-cv-ifield'><a href=\"https:\/\/hacerarbolgenealogico.com\/arbol-genealogico-con-caracteristicas-fenotipicas-2\/\" class=\"_self pt-cv-href-thumbnail pt-cv-thumb-default cvplbd\" target=\"_self\" ><img loading=\"lazy\" decoding=\"async\" width=\"300\" height=\"200\" style=\"max-height: 200px;\" src=\"http:\/\/hacerarbolgenealogico.com\/wp-content\/uploads\/content-views\/cvp_default_image-300x200.png\" class=\"pt-cv-thumbnail img-thumbnail not-found\" alt=\"Descifrando la herencia familiar: C\u00f3mo crear un \u00e1rbol geneal\u00f3gico con caracter\u00edsticas fenot\u00edpicas detalladas\" \/><\/a>\n<p class=\"pt-cv-title\"><a href=\"https:\/\/hacerarbolgenealogico.com\/arbol-genealogico-con-caracteristicas-fenotipicas-2\/\" class=\"_self cvplbd\" target=\"_self\" >Descifrando la herencia familiar: C\u00f3mo crear un \u00e1rbol geneal\u00f3gico con caracter\u00edsticas fenot\u00edpicas detalladas<\/a><\/p>\n<div class=\"pt-cv-content\">Bienvenidos al blog Hacerarbolgenealogico, donde hoy exploraremos c\u00f3mo nuestro linaje ...<br \/><div class=\"pt-cv-rmwrap\"><a href=\"https:\/\/hacerarbolgenealogico.com\/arbol-genealogico-con-caracteristicas-fenotipicas-2\/\" class=\"_self pt-cv-readmore btn btn-success cvplbd\" target=\"_self\">Leer M\u00e1s<\/a><\/div><\/div><\/div><\/div>\n<div class=\"col-md-4 col-sm-6 col-xs-6 pt-cv-content-item pt-cv-1-col\"  data-pid=\"3364\"><div class='pt-cv-ifield'><a href=\"https:\/\/hacerarbolgenealogico.com\/cual-es-la-pregunta-mas-interesante-de-un-arbol-genealogico\/\" class=\"_self pt-cv-href-thumbnail pt-cv-thumb-default cvplbd\" target=\"_self\" ><img loading=\"lazy\" decoding=\"async\" width=\"300\" height=\"200\" style=\"max-height: 200px;\" src=\"http:\/\/hacerarbolgenealogico.com\/wp-content\/uploads\/content-views\/cvp_default_image-300x200.png\" class=\"pt-cv-thumbnail img-thumbnail not-found\" alt=\"Descubriendo Nuestros Or\u00edgenes: \u00bfCu\u00e1l es la Pregunta M\u00e1s Interesante al Explorar un \u00c1rbol Geneal\u00f3gico?\" \/><\/a>\n<p class=\"pt-cv-title\"><a href=\"https:\/\/hacerarbolgenealogico.com\/cual-es-la-pregunta-mas-interesante-de-un-arbol-genealogico\/\" class=\"_self cvplbd\" target=\"_self\" >Descubriendo Nuestros Or\u00edgenes: \u00bfCu\u00e1l es la Pregunta M\u00e1s Interesante al Explorar un \u00c1rbol Geneal\u00f3gico?<\/a><\/p>\n<div class=\"pt-cv-content\">Bienvenidos a Hacerarbolgenealogico, el espacio dedicado a la exploraci\u00f3n de ...<br \/><div class=\"pt-cv-rmwrap\"><a href=\"https:\/\/hacerarbolgenealogico.com\/cual-es-la-pregunta-mas-interesante-de-un-arbol-genealogico\/\" class=\"_self pt-cv-readmore btn btn-success cvplbd\" target=\"_self\">Leer M\u00e1s<\/a><\/div><\/div><\/div><\/div>\n<div class=\"col-md-4 col-sm-6 col-xs-6 pt-cv-content-item pt-cv-1-col\"  data-pid=\"3451\"><div class='pt-cv-ifield'><a href=\"https:\/\/hacerarbolgenealogico.com\/de-donde-proviene-el-apellido-machala-arbol-genealogico-2\/\" class=\"_self pt-cv-href-thumbnail pt-cv-thumb-default cvplbd\" target=\"_self\" ><img loading=\"lazy\" decoding=\"async\" width=\"300\" height=\"200\" style=\"max-height: 200px;\" src=\"http:\/\/hacerarbolgenealogico.com\/wp-content\/uploads\/content-views\/cvp_default_image-300x200.png\" class=\"pt-cv-thumbnail img-thumbnail not-found\" alt=\"Descifrando Or\u00edgenes y Linajes: La Historia Detr\u00e1s del Apellido Machala en tu \u00c1rbol Geneal\u00f3gico\" \/><\/a>\n<p class=\"pt-cv-title\"><a href=\"https:\/\/hacerarbolgenealogico.com\/de-donde-proviene-el-apellido-machala-arbol-genealogico-2\/\" class=\"_self cvplbd\" target=\"_self\" >Descifrando Or\u00edgenes y Linajes: La Historia Detr\u00e1s del Apellido Machala en tu \u00c1rbol Geneal\u00f3gico<\/a><\/p>\n<div class=\"pt-cv-content\">Bienvenido al blog Hacerarbolgenealogico, donde exploramos las ra\u00edces y el ...<br \/><div class=\"pt-cv-rmwrap\"><a href=\"https:\/\/hacerarbolgenealogico.com\/de-donde-proviene-el-apellido-machala-arbol-genealogico-2\/\" class=\"_self pt-cv-readmore btn btn-success cvplbd\" target=\"_self\">Leer M\u00e1s<\/a><\/div><\/div><\/div><\/div><\/div><\/div><\/div>\t\t\t<style type=\"text\/css\" id=\"pt-cv-inline-style-db5ca91zes\">#pt-cv-view-f55eda9w3s .pt-cv-href-thumbnail  { margin-left: auto !important; margin-right: auto !important; display: block !important; text-align: center !important; clear: both !important; }\n#pt-cv-view-f55eda9w3s .pt-cv-title a, #pt-cv-view-f55eda9w3s  .panel-title { font-size: 23px !important; line-height: 1.3 !important; font-weight: 600 !important; }\n@media (min-width: 768px) and (max-width: 991px) {#pt-cv-view-f55eda9w3s .pt-cv-title a, #pt-cv-view-f55eda9w3s  .panel-title { font-size: 20px !important }}\n@media (max-width: 767px) {#pt-cv-view-f55eda9w3s .pt-cv-title a, #pt-cv-view-f55eda9w3s  .panel-title { font-size: 16px !important }}\n#pt-cv-view-f55eda9w3s .pt-cv-content , #pt-cv-view-f55eda9w3s  .pt-cv-content *:not(.pt-cv-readmore):not(style):not(script) { font-size: 14px !important; line-height: 1.3 !important; }\n@media (min-width: 768px) and (max-width: 991px) {#pt-cv-view-f55eda9w3s .pt-cv-content , #pt-cv-view-f55eda9w3s  .pt-cv-content *:not(.pt-cv-readmore):not(style):not(script) { font-size: 12px !important }}\n@media (max-width: 767px) {#pt-cv-view-f55eda9w3s .pt-cv-content , #pt-cv-view-f55eda9w3s  .pt-cv-content *:not(.pt-cv-readmore):not(style):not(script) { font-size: 10px !important }}\n#pt-cv-view-f55eda9w3s .pt-cv-readmore  { color: #ffffff !important; background-color: #00870d !important; }\n#pt-cv-view-f55eda9w3s .pt-cv-readmore:hover  { color: #ffffff !important; background-color: #dd9933 !important; }<\/style>\r\n\t\t\t\n\n\n\n<script async=\"\" src=\"https:\/\/pagead2.googlesyndication.com\/pagead\/js\/adsbygoogle.js?client=ca-pub-6492983143596386\" crossorigin=\"anonymous\"><\/script>\n<!-- \u00c1rbol Geneal\u00f3gico 1cuadrado -->\n<ins class=\"adsbygoogle\" style=\"display:block\" data-ad-client=\"ca-pub-6492983143596386\" data-ad-slot=\"8000170486\" data-ad-format=\"auto\" data-full-width-responsive=\"true\"><\/ins>\n<script>\n     (adsbygoogle = window.adsbygoogle || []).push({});\n<\/script>\n","protected":false},"excerpt":{"rendered":"<p>Mucha gente cree que hacer un \u00e1rbol geneal\u00f3gico es una perdida de tiempo o una bober\u00eda, nada m\u00e1s alejado de la realidad. Realizar un \u00e1rbol familiar, te ayuda a conocer m\u00e1s sobre ti, y sobre tu familia, descubriendo curiosidades que, de otra forma, nunca sabr\u00edas. \ud83c\udf33 Nuestras Plantillas \u00c1rbol Geneal\u00f3gico Gratis \ud83e\udd17 Aqu\u00ed podr\u00e1s descargar &#8230; <\/p>\n<p class=\"read-more-container\"><a title=\"\u00c1rbol Geneal\u00f3gico\" class=\"read-more button\" href=\"https:\/\/hacerarbolgenealogico.com\/#more-15\" aria-label=\"Leer m\u00e1s sobre \u00c1rbol Geneal\u00f3gico\">Leer Art\u00edculo<\/a><\/p>\n","protected":false},"author":1,"featured_media":23,"parent":0,"menu_order":0,"comment_status":"closed","ping_status":"closed","template":"","meta":{"footnotes":""},"class_list":{"0":"post-15","1":"page","2":"type-page","3":"status-publish","4":"has-post-thumbnail","6":"infinite-scroll-item"},"_links":{"self":[{"href":"https:\/\/hacerarbolgenealogico.com\/wp-json\/wp\/v2\/pages\/15","targetHints":{"allow":["GET"]}}],"collection":[{"href":"https:\/\/hacerarbolgenealogico.com\/wp-json\/wp\/v2\/pages"}],"about":[{"href":"https:\/\/hacerarbolgenealogico.com\/wp-json\/wp\/v2\/types\/page"}],"author":[{"embeddable":true,"href":"https:\/\/hacerarbolgenealogico.com\/wp-json\/wp\/v2\/users\/1"}],"replies":[{"embeddable":true,"href":"https:\/\/hacerarbolgenealogico.com\/wp-json\/wp\/v2\/comments?post=15"}],"version-history":[{"count":0,"href":"https:\/\/hacerarbolgenealogico.com\/wp-json\/wp\/v2\/pages\/15\/revisions"}],"wp:featuredmedia":[{"embeddable":true,"href":"https:\/\/hacerarbolgenealogico.com\/wp-json\/wp\/v2\/media\/23"}],"wp:attachment":[{"href":"https:\/\/hacerarbolgenealogico.com\/wp-json\/wp\/v2\/media?parent=15"}],"curies":[{"name":"wp","href":"https:\/\/api.w.org\/{rel}","templated":true}]}}